{"id":580,"date":"2018-09-24T09:39:49","date_gmt":"2018-09-24T09:39:49","guid":{"rendered":"http:\/\/wp.vlthemes.me\/leedo\/?page_id=580"},"modified":"2024-06-22T21:58:20","modified_gmt":"2024-06-22T19:58:20","slug":"cecile-boyer","status":"publish","type":"page","link":"https:\/\/www.poulettemagique.com\/portfolio\/cecile-boyer\/","title":{"rendered":"A propos"},"content":{"rendered":"<p>[vc_section][vc_row equal_height=\u00a0\u00bbyes\u00a0\u00bb content_placement=\u00a0\u00bbmiddle\u00a0\u00bb el_class=\u00a0\u00bbvlt-fullheight\u00a0\u00bb][vc_column el_class=\u00a0\u00bbvlt-custom&#8211;5381&Prime; offset=\u00a0\u00bbvc_col-lg-6 vc_col-md-6&Prime;]<div class=\"vlthemes_custom_69f20fe3c8237   vlt-particle\" data-jarallax-element=\"0 0\"><img decoding=\"async\" width=\"408\" height=\"314\" src=\"https:\/\/www.poulettemagique.com\/portfolio\/wp-content\/uploads\/2018\/10\/particle-01-black.png\" class=\"\" alt=\"\" srcset=\"\" loading=\"lazy\" \/><\/div><style type=\"text\/css\">\r\n\t\t\t.vlthemes_custom_69f20fe3c8237 {\r\n\t\t\t\ttop: -40px; right: -90px; max-width: 250px;\r\n\t\t\t}<\/style><div class=\"vlthemes_custom_69f20fe3c851a   vlt-spacer\" style=\" --size-xlarge:120px;\"><\/div><div class=\"vlthemes_custom_69f20fe3c8533   vlt-animation-block\" data-aos=\"fade\" data-aos-delay=\"0\">[vc_custom_heading text=\u00a0\u00bbC\u00e9cile Vieu\u00a0\u00bb font_container=\u00a0\u00bbtag:h5|font_size:28px|text_align:left|color:%23e285c3&Prime; google_fonts=\u00a0\u00bbfont_family:Playfair%20Display%3Aregular%2Citalic%2C700%2C700italic%2C900%2C900italic|font_style:700%20bold%20italic%3A700%3Aitalic\u00a0\u00bb el_class=\u00a0\u00bbvlt-custom&#8211;9503&Prime; css=\u00a0\u00bb.vc_custom_1719067229116{margin-top: 0px !important;margin-bottom: 0px !important;}\u00a0\u00bb]<\/div><div class=\"vlthemes_custom_69f20fe3c854a   vlt-spacer\" style=\" --size-xlarge:30px;\"><\/div><div class=\"vlthemes_custom_69f20fe3c8558   vlt-animation-block\" data-aos=\"fade\" data-aos-delay=\"100\"><h2 class=\"vlthemes_custom_69f20fe3c856e   vlt-heading h3 text-start\" style=\"color:#1f0e49;\">Hello ! Je suis Good Mood Designer &lt;3<\/h2><\/div><div class=\"vlthemes_custom_69f20fe3c858c   vlt-spacer\" style=\" --size-xlarge:30px;\"><\/div><div class=\"vlthemes_custom_69f20fe3c8599   vlt-animation-block\" data-aos=\"fade\" data-aos-delay=\"200\">[vc_column_text css=\u00a0\u00bb.vc_custom_1719086297973{margin-bottom: 0px !important;}\u00a0\u00bb]Hello,<br \/>\nMoi c\u2019est C\u00e9cile Vieu.<br \/>\nJe suis GOOD MOOD DESIGNER,<br \/>\nJ\u2019ai lanc\u00e9 mon blog de DIY Cr\u00e9atif sous le nom \u00ab Poulette Magique \u00bb en 2009 et depuis je vous partage mes Cr\u00e9ations totalement Feel-Good et Color\u00e9es dans :<\/p>\n<p><strong>Le DIY<\/strong> : J\u2019imagine des tutos cr\u00e9atifs pour les Kids et les plus grands en collaboration avec des marques qui aiment mon univers Pop x Kawa\u00ef et me donnent carte blanche !<\/p>\n<p><strong>Le DESIGN produit<\/strong> : Je conseille et dessine des collections capsules pour des Licences de marque dans l\u2019Industrie Cr\u00e9ative (Bisounours, Miffy, Sagoo, The Simones&#8230;) ou le Lifestyle (Cusinella).<\/p>\n<p><strong>La CR\u00c9ATION D\u2019ATELIERS :<\/strong> J\u2019anime des ateliers DIY fun et faciles pour Pinterest et Pintor entres autres et j&rsquo;ai organis\u00e9 des ateliers sur des POP-UP aux Galeries Lafayette avec Miffy et Bisounours et plusieurs intervenantes.<\/p>\n<p><strong>La PHOTOGRAPHIE :<\/strong>\u00a0 Mon autre passion.\u00a0 Je suis photographe argentique et Polaroid et j&rsquo;ai publi\u00e9 mon premier livre en tant que photographe chez Hachette en 2023.<\/p>\n<p><strong>Le Social Management :<\/strong> Je m&rsquo;occupe de compte de Licences comme Miffy, Les Bisounours, Rilakkuma et plus r\u00e9cemment Take Care et Sagoo.<\/p>\n<p><strong>L\u2019\u00e9dition<\/strong> : J\u2019ai d\u00e9j\u00e0 publi\u00e9 7 livres et je suis tr\u00e8s fi\u00e8re du petit dernier \u00ab\u00a050 cr\u00e9ations \u00e0 faire \u00e0 la maison\u00a0\u00bb chez Auzou qui sort le 06 septembre !<\/p>\n<p><strong>L&rsquo;illustration<\/strong> : je design ma marque de produits autour des good vibes et mon produit phare est le suncatcher, vous pouvez tout retrouver sur mon <a href=\"https:\/\/shopmagique.com\/\">shopmagique.com<\/a> !<\/p>\n<p>Welcome to my World !<br \/>\nC\u00e9cile V.[\/vc_column_text]<\/div><div class=\"vlthemes_custom_69f20fe3c85a6   vlt-spacer\" style=\" --size-xlarge:40px;\"><\/div><div class=\"vlthemes_custom_69f20fe3c85b2   vlt-animation-block\" data-aos=\"fade\" data-aos-delay=\"300\">[vc_row_inner][vc_column_inner width=\u00a0\u00bb1\/3&Prime;]<div class=\"vlthemes_custom_69f20fe3c85c8   vlt-counter-up vlt-counter-up--style-2\" data-value=\"52000\"><div class=\"vlt-counter-up__content\"><strong style=\"color:#00bec5;\">0<\/strong><h4 class=\"vlt-display-1\" style=\"color:#1f0e49;\">Instagram<\/h4><\/div><\/div><div class=\"vlthemes_custom_69f20fe3c85df   vlt-spacer\" style=\" --size-large:40px;\"><\/div>[\/vc_column_inner][vc_column_inner width=\u00a0\u00bb1\/3&Prime;]<div class=\"vlthemes_custom_69f20fe3c85ed   vlt-counter-up vlt-counter-up--style-2\" data-value=\"129000\"><div class=\"vlt-counter-up__content\"><strong style=\"color:#00bec5;\">0<\/strong><h4 class=\"vlt-display-1\" style=\"color:#1f0e49;\">Pinterest<\/h4><\/div><\/div><div class=\"vlthemes_custom_69f20fe3c85f9   vlt-spacer\" style=\" --size-large:40px;\"><\/div>[\/vc_column_inner][vc_column_inner width=\u00a0\u00bb1\/3&Prime;]<div class=\"vlthemes_custom_69f20fe3c8606   vlt-counter-up vlt-counter-up--style-2\" data-value=\"15\"><div class=\"vlt-counter-up__content\"><strong style=\"color:#00bec5;\">0<\/strong><h4 class=\"vlt-display-1\" style=\"color:#1f0e49;\">ann\u00e9es de Blog<\/h4><\/div><\/div>[\/vc_column_inner][\/vc_row_inner]<\/div><div class=\"vlthemes_custom_69f20fe3c8618   vlt-spacer\" style=\" --size-xlarge:50px;\"><\/div><div class=\"vlthemes_custom_69f20fe3c8623   vlt-animation-block\" data-aos=\"fade\" data-aos-delay=\"400\"><div class=\"vlthemes_custom_69f20fe3c8634   vlt-social-icons text-start\"><a href=\"#\" class=\" vlt-social-icon vlt-social-icon--style-4 facebook\"><i class=\"socicon-facebook\"><\/i><\/a><a href=\"#\" class=\" vlt-social-icon vlt-social-icon--style-4 twitter\"><i class=\"socicon-twitter\"><\/i><\/a><a href=\"#\" class=\" vlt-social-icon vlt-social-icon--style-4 pinterest\"><i class=\"socicon-pinterest\"><\/i><\/a><a href=\"#\" class=\" vlt-social-icon vlt-social-icon--style-4 dribbble\"><i class=\"socicon-dribbble\"><\/i><\/a><a href=\"#\" class=\" vlt-social-icon vlt-social-icon--style-4 behance\"><i class=\"socicon-behance\"><\/i><\/a><a href=\"#\" class=\" vlt-social-icon vlt-social-icon--style-4 instagram\"><i class=\"socicon-instagram\"><\/i><\/a><\/div><\/div><div class=\"vlthemes_custom_69f20fe3c8685   vlt-spacer\" style=\" --size-xlarge:120px;\"><\/div>[\/vc_column][vc_column width=\u00a0\u00bb1\/2&Prime; awb_type=\u00a0\u00bbimage\u00a0\u00bb awb_stretch=\u00a0\u00bb1&Prime; awb_image_size=\u00a0\u00bbleedo-1920&#215;1080&Prime; awb_image_background_position=\u00a0\u00bb50% 50%\u00a0\u00bb awb_mouse_parallax=\u00a0\u00bb1&Prime; awb_mouse_parallax_size=\u00a0\u00bb30&Prime; awb_mouse_parallax_speed=\u00a0\u00bb10000&Prime; awb_image=\u00a0\u00bb7684&Prime; offset=\u00a0\u00bbvc_hidden-sm vc_hidden-xs\u00a0\u00bb]<a href=\"https:\/\/www.poulettemagique.com\/portfolio\/contact-us-03\/\" class=\"vlthemes_custom_69f20fe3c8696 vlt-custom--5388  vlt-btn vlt-btn--primary vlt-btn--lg vlt-btn--effect\"><span><i class=\"leedo-envelope\"><\/i><\/span><\/a>[\/vc_column][\/vc_row][\/vc_section]<\/p>\n","protected":false},"excerpt":{"rendered":"<p>[vc_section][vc_row equal_height=\u00a0\u00bbyes\u00a0\u00bb content_placement=\u00a0\u00bbmiddle\u00a0\u00bb el_class=\u00a0\u00bbvlt-fullheight\u00a0\u00bb][vc_column el_class=\u00a0\u00bbvlt-custom&#8211;5381&Prime; offset=\u00a0\u00bbvc_col-lg-6 vc_col-md-6&Prime;][\/vc_column][vc_column width=\u00a0\u00bb1\/2&Prime; awb_type=\u00a0\u00bbimage\u00a0\u00bb awb_stretch=\u00a0\u00bb1&Prime; awb_image_size=\u00a0\u00bbleedo-1920&#215;1080&Prime; awb_image_background_position=\u00a0\u00bb50% 50%\u00a0\u00bb awb_mouse_parallax=\u00a0\u00bb1&Prime; awb_mouse_parallax_size=\u00a0\u00bb30&Prime; awb_mouse_parallax_speed=\u00a0\u00bb10000&Prime; awb_image=\u00a0\u00bb7684&Prime; offset=\u00a0\u00bbvc_hidden-sm vc_hidden-xs\u00a0\u00bb][\/vc_column][\/vc_row][\/vc_section]<\/p>\n","protected":false},"author":1,"featured_media":2814,"parent":0,"menu_order":35,"comment_status":"closed","ping_status":"closed","template":"template-custom-page.php","meta":{"_monsterinsights_skip_tracking":false,"_monsterinsights_sitenote_active":false,"_monsterinsights_sitenote_note":"","_monsterinsights_sitenote_category":0,"_vp_format_video_url":"","_vp_image_focal_point":[],"footnotes":""},"class_list":["post-580","page","type-page","status-publish","has-post-thumbnail","hentry"],"acf":[],"aioseo_notices":[],"_links":{"self":[{"href":"https:\/\/www.poulettemagique.com\/portfolio\/wp-json\/wp\/v2\/pages\/580","targetHints":{"allow":["GET"]}}],"collection":[{"href":"https:\/\/www.poulettemagique.com\/portfolio\/wp-json\/wp\/v2\/pages"}],"about":[{"href":"https:\/\/www.poulettemagique.com\/portfolio\/wp-json\/wp\/v2\/types\/page"}],"author":[{"embeddable":true,"href":"https:\/\/www.poulettemagique.com\/portfolio\/wp-json\/wp\/v2\/users\/1"}],"replies":[{"embeddable":true,"href":"https:\/\/www.poulettemagique.com\/portfolio\/wp-json\/wp\/v2\/comments?post=580"}],"version-history":[{"count":11,"href":"https:\/\/www.poulettemagique.com\/portfolio\/wp-json\/wp\/v2\/pages\/580\/revisions"}],"predecessor-version":[{"id":7686,"href":"https:\/\/www.poulettemagique.com\/portfolio\/wp-json\/wp\/v2\/pages\/580\/revisions\/7686"}],"wp:featuredmedia":[{"embeddable":true,"href":"https:\/\/www.poulettemagique.com\/portfolio\/wp-json\/wp\/v2\/media\/2814"}],"wp:attachment":[{"href":"https:\/\/www.poulettemagique.com\/portfolio\/wp-json\/wp\/v2\/media?parent=580"}],"curies":[{"name":"wp","href":"https:\/\/api.w.org\/{rel}","templated":true}]}}