{"id":7412,"date":"2018-09-05T08:57:31","date_gmt":"2018-09-05T08:57:31","guid":{"rendered":"http:\/\/wp.vlthemes.me\/leedo\/?page_id=319"},"modified":"2018-09-05T08:57:31","modified_gmt":"2018-09-05T08:57:31","slug":"blog-01","status":"publish","type":"page","link":"https:\/\/www.poulettemagique.com\/portfolio\/blog-01\/","title":{"rendered":"Blog 01"},"content":{"rendered":"<p>[vc_section][vc_row awb_type=\u00a0\u00bbimage\u00a0\u00bb awb_stretch=\u00a0\u00bb1&Prime; awb_image_size=\u00a0\u00bbleedo-1920x960_crop\u00a0\u00bb awb_image_background_position=\u00a0\u00bb50% 50%\u00a0\u00bb awb_parallax=\u00a0\u00bbscroll\u00a0\u00bb awb_parallax_speed=\u00a0\u00bb0.8&Prime; awb_image=\u00a0\u00bb1257&Prime;][vc_column]<div class=\"vlthemes_custom_6a0418f801736   vlt-spacer\" style=\" --size-xlarge:170px;\"><\/div>[\/vc_column][vc_column]<h1 class=\"vlthemes_custom_6a0418f801764   vlt-large-heading text-center\" style=\"color:#ffffff;\">Blog<span>.<\/span><\/h1>[\/vc_column][vc_column]<div class=\"vlthemes_custom_6a0418f80177a   vlt-spacer\" style=\" --size-xlarge:170px;\"><\/div>[\/vc_column][\/vc_row][\/vc_section][vc_section][vc_row][vc_column]<div class=\"vlthemes_custom_6a0418f801789   vlt-spacer\" style=\" --size-xlarge:60px;\"><\/div>[\/vc_column][vc_column]\n<div class=\"vp-portfolio vp-uid-98035808 vp-id-430  \"\n\tdata-vp-layout=\"tiles\" data-vp-content-source=\"\" data-vp-items-style=\"fade\" data-vp-items-click-action=\"url\" data-vp-items-gap=\"15\" data-vp-items-gap-vertical=\"\" data-vp-pagination=\"load-more\" data-vp-next-page-url=\"https:\/\/www.poulettemagique.com\/portfolio\/wp-json\/wp\/v2\/pages\/7412?vp_page=2\" data-vp-tiles-type=\"3|1,1|\" >\n\t<div class=\"vp-portfolio__preloader-wrap\">\n\t\t<div class=\"vp-portfolio__preloader\">\n\t\t\t<img decoding=\"async\" loading=\"eager\" src=\"https:\/\/www.poulettemagique.com\/portfolio\/wp-content\/plugins\/visual-portfolio\/assets\/images\/logo-dark.svg\" alt=\"Visual Portfolio, Posts &amp; Image Gallery for WordPress\" width=\"20\" height=\"20\" data-skip-lazy>\n\t\t<\/div>\n\t<\/div>\n\t\t<div class=\"vp-portfolio__items-wrap\">\n\t\t\t\n<div class=\"vp-portfolio__items vp-portfolio__items-style-fade vp-portfolio__items-show-overlay-hover\">\n\n\t\t<div\t\tclass=\"vp-portfolio__item-wrap category-diy category-editorial vp-portfolio__item-uid-be83b70f\" data-vp-filter=\"diy,editorial\" \t\t>\n\t\t\t\t\t\t\t\t\t<figure class=\"vp-portfolio__item\">\n\t\t\t\t\n<div class=\"vp-portfolio__item-img-wrap\">\n\t<div class=\"vp-portfolio__item-img\">\n\t\t\t<a\n\t\thref=\"https:\/\/www.poulettemagique.com\/portfolio\/portfolio\/livre-mes-50-creations-a-faire-a-la-maison\/\"\n\t\t\t>\n\t\n\t\t<img loading=\"lazy\" decoding=\"async\" width=\"1200\" height=\"1800\" src=\"https:\/\/www.poulettemagique.com\/portfolio\/wp-content\/uploads\/2024\/09\/livre-2.jpg\" class=\"wp-image-7720\" alt=\"\" srcset=\"https:\/\/www.poulettemagique.com\/portfolio\/wp-content\/uploads\/2024\/09\/livre-2.jpg 1200w, https:\/\/www.poulettemagique.com\/portfolio\/wp-content\/uploads\/2024\/09\/livre-2-200x300.jpg 200w, https:\/\/www.poulettemagique.com\/portfolio\/wp-content\/uploads\/2024\/09\/livre-2-683x1024.jpg 683w, https:\/\/www.poulettemagique.com\/portfolio\/wp-content\/uploads\/2024\/09\/livre-2-768x1152.jpg 768w, https:\/\/www.poulettemagique.com\/portfolio\/wp-content\/uploads\/2024\/09\/livre-2-1024x1536.jpg 1024w, https:\/\/www.poulettemagique.com\/portfolio\/wp-content\/uploads\/2024\/09\/livre-2-500x750.jpg 500w, https:\/\/www.poulettemagique.com\/portfolio\/wp-content\/uploads\/2024\/09\/livre-2-800x1200.jpg 800w\" sizes=\"auto, (max-width: 1200px) 100vw, 1200px\" \/>\n\t\t<\/a>\t<\/div>\n<\/div>\n\n<figcaption class=\"vp-portfolio__item-overlay vp-portfolio__item-align-center\">\n\n\t<div class=\"vp-portfolio__item-meta-wrap vp-portfolio__custom-scrollbar\">\n\n\t\t\t<a\n\t\thref=\"https:\/\/www.poulettemagique.com\/portfolio\/portfolio\/livre-mes-50-creations-a-faire-a-la-maison\/\"\n\t\ttabindex=\"-1\" class=\"vp-portfolio__item-meta\" \t>\n\t\n\t\t\n<h2 class=\"vp-portfolio__item-meta-title\">\n    Livre \u00ab\u00a0Mes 50 cr\u00e9ations \u00e0 faire \u00e0 la maison\u00a0\u00bb<\/h2>\n<div class=\"vp-portfolio__item-meta-categories\">\n\t\t\t<div class=\"vp-portfolio__item-meta-category\">\n\t\t\t\t<span\t\t\t>\n\tDIY<\/span>\t\t<\/div>\n\t\t<\/div>\n\n\t\t<\/a>\n\t<\/div>\n\n<\/figcaption>\t\t\t<\/figure>\n\t\t\t\t\t<\/div>\n\t\t\n\t\t<div\t\tclass=\"vp-portfolio__item-wrap category-paper-art vp-portfolio__item-uid-2e3caa9e\" data-vp-filter=\"paper-art\" \t\t>\n\t\t\t\t\t\t\t\t\t<figure class=\"vp-portfolio__item\">\n\t\t\t\t\n<div class=\"vp-portfolio__item-img-wrap\">\n\t<div class=\"vp-portfolio__item-img\">\n\t\t\t<a\n\t\thref=\"https:\/\/www.poulettemagique.com\/portfolio\/portfolio\/mionetto\/\"\n\t\t\t>\n\t\n\t\t<img loading=\"lazy\" decoding=\"async\" width=\"1200\" height=\"1605\" src=\"https:\/\/www.poulettemagique.com\/portfolio\/wp-content\/uploads\/2024\/09\/BDEB3554-D697-49BF-AB81-6EE97E160C28-2.jpg\" class=\"wp-image-7717\" alt=\"\" srcset=\"https:\/\/www.poulettemagique.com\/portfolio\/wp-content\/uploads\/2024\/09\/BDEB3554-D697-49BF-AB81-6EE97E160C28-2.jpg 1200w, https:\/\/www.poulettemagique.com\/portfolio\/wp-content\/uploads\/2024\/09\/BDEB3554-D697-49BF-AB81-6EE97E160C28-2-224x300.jpg 224w, https:\/\/www.poulettemagique.com\/portfolio\/wp-content\/uploads\/2024\/09\/BDEB3554-D697-49BF-AB81-6EE97E160C28-2-766x1024.jpg 766w, https:\/\/www.poulettemagique.com\/portfolio\/wp-content\/uploads\/2024\/09\/BDEB3554-D697-49BF-AB81-6EE97E160C28-2-768x1027.jpg 768w, https:\/\/www.poulettemagique.com\/portfolio\/wp-content\/uploads\/2024\/09\/BDEB3554-D697-49BF-AB81-6EE97E160C28-2-1148x1536.jpg 1148w, https:\/\/www.poulettemagique.com\/portfolio\/wp-content\/uploads\/2024\/09\/BDEB3554-D697-49BF-AB81-6EE97E160C28-2-500x669.jpg 500w, https:\/\/www.poulettemagique.com\/portfolio\/wp-content\/uploads\/2024\/09\/BDEB3554-D697-49BF-AB81-6EE97E160C28-2-800x1070.jpg 800w\" sizes=\"auto, (max-width: 1200px) 100vw, 1200px\" \/>\n\t\t<\/a>\t<\/div>\n<\/div>\n\n<figcaption class=\"vp-portfolio__item-overlay vp-portfolio__item-align-center\">\n\n\t<div class=\"vp-portfolio__item-meta-wrap vp-portfolio__custom-scrollbar\">\n\n\t\t\t<a\n\t\thref=\"https:\/\/www.poulettemagique.com\/portfolio\/portfolio\/mionetto\/\"\n\t\ttabindex=\"-1\" class=\"vp-portfolio__item-meta\" \t>\n\t\n\t\t\n<h2 class=\"vp-portfolio__item-meta-title\">\n    Mionetto<\/h2>\n<div class=\"vp-portfolio__item-meta-categories\">\n\t\t\t<div class=\"vp-portfolio__item-meta-category\">\n\t\t\t\t<span\t\t\t>\n\tPaper art<\/span>\t\t<\/div>\n\t\t<\/div>\n\n\t\t<\/a>\n\t<\/div>\n\n<\/figcaption>\t\t\t<\/figure>\n\t\t\t\t\t<\/div>\n\t\t\n\t\t<div\t\tclass=\"vp-portfolio__item-wrap category-ateliers-diy category-food category-photography vp-portfolio__item-uid-e7c0f28c\" data-vp-filter=\"ateliers-diy,food,photography\" \t\t>\n\t\t\t\t\t\t\t\t\t<figure class=\"vp-portfolio__item\">\n\t\t\t\t\n<div class=\"vp-portfolio__item-img-wrap\">\n\t<div class=\"vp-portfolio__item-img\">\n\t\t\t<a\n\t\thref=\"https:\/\/www.poulettemagique.com\/portfolio\/portfolio\/pop-up-miffy-x-galeries-lafayette-haussman-paris\/\"\n\t\t\t>\n\t\n\t\t<img loading=\"lazy\" decoding=\"async\" width=\"1920\" height=\"2880\" src=\"https:\/\/www.poulettemagique.com\/portfolio\/wp-content\/uploads\/2024\/06\/JPH-miffy-2-1920x2880.jpg\" class=\"wp-image-7672\" alt=\"\" srcset=\"https:\/\/www.poulettemagique.com\/portfolio\/wp-content\/uploads\/2024\/06\/JPH-miffy-2-1920x2880.jpg 1920w, https:\/\/www.poulettemagique.com\/portfolio\/wp-content\/uploads\/2024\/06\/JPH-miffy-2-200x300.jpg 200w, https:\/\/www.poulettemagique.com\/portfolio\/wp-content\/uploads\/2024\/06\/JPH-miffy-2-683x1024.jpg 683w, https:\/\/www.poulettemagique.com\/portfolio\/wp-content\/uploads\/2024\/06\/JPH-miffy-2-768x1152.jpg 768w, https:\/\/www.poulettemagique.com\/portfolio\/wp-content\/uploads\/2024\/06\/JPH-miffy-2-1024x1536.jpg 1024w, https:\/\/www.poulettemagique.com\/portfolio\/wp-content\/uploads\/2024\/06\/JPH-miffy-2-1365x2048.jpg 1365w, https:\/\/www.poulettemagique.com\/portfolio\/wp-content\/uploads\/2024\/06\/JPH-miffy-2-500x750.jpg 500w, https:\/\/www.poulettemagique.com\/portfolio\/wp-content\/uploads\/2024\/06\/JPH-miffy-2-800x1200.jpg 800w, https:\/\/www.poulettemagique.com\/portfolio\/wp-content\/uploads\/2024\/06\/JPH-miffy-2-1280x1920.jpg 1280w\" sizes=\"auto, (max-width: 1920px) 100vw, 1920px\" \/>\n\t\t<\/a>\t<\/div>\n<\/div>\n\n<figcaption class=\"vp-portfolio__item-overlay vp-portfolio__item-align-center\">\n\n\t<div class=\"vp-portfolio__item-meta-wrap vp-portfolio__custom-scrollbar\">\n\n\t\t\t<a\n\t\thref=\"https:\/\/www.poulettemagique.com\/portfolio\/portfolio\/pop-up-miffy-x-galeries-lafayette-haussman-paris\/\"\n\t\ttabindex=\"-1\" class=\"vp-portfolio__item-meta\" \t>\n\t\n\t\t\n<h2 class=\"vp-portfolio__item-meta-title\">\n    Pop-up Miffy x Galeries Lafayette Haussman Paris<\/h2>\n<div class=\"vp-portfolio__item-meta-categories\">\n\t\t\t<div class=\"vp-portfolio__item-meta-category\">\n\t\t\t\t<span\t\t\t>\n\tAteliers DIY<\/span>\t\t<\/div>\n\t\t<\/div>\n\n\t\t<\/a>\n\t<\/div>\n\n<\/figcaption>\t\t\t<\/figure>\n\t\t\t\t\t<\/div>\n\t\t\n\t\t<div\t\tclass=\"vp-portfolio__item-wrap category-photography vp-portfolio__item-uid-f0004bff\" data-vp-filter=\"photography\" \t\t>\n\t\t\t\t\t\t\t\t\t<figure class=\"vp-portfolio__item\">\n\t\t\t\t\n<div class=\"vp-portfolio__item-img-wrap\">\n\t<div class=\"vp-portfolio__item-img\">\n\t\t\t<a\n\t\thref=\"https:\/\/www.poulettemagique.com\/portfolio\/portfolio\/pinterest-community-shooting\/\"\n\t\t\t>\n\t\n\t\t<img loading=\"lazy\" decoding=\"async\" width=\"1920\" height=\"2880\" src=\"https:\/\/www.poulettemagique.com\/portfolio\/wp-content\/uploads\/2024\/01\/IMG_8500-1920x2880.jpg\" class=\"wp-image-7580\" alt=\"\" srcset=\"https:\/\/www.poulettemagique.com\/portfolio\/wp-content\/uploads\/2024\/01\/IMG_8500-1920x2880.jpg 1920w, https:\/\/www.poulettemagique.com\/portfolio\/wp-content\/uploads\/2024\/01\/IMG_8500-200x300.jpg 200w, https:\/\/www.poulettemagique.com\/portfolio\/wp-content\/uploads\/2024\/01\/IMG_8500-683x1024.jpg 683w, https:\/\/www.poulettemagique.com\/portfolio\/wp-content\/uploads\/2024\/01\/IMG_8500-768x1152.jpg 768w, https:\/\/www.poulettemagique.com\/portfolio\/wp-content\/uploads\/2024\/01\/IMG_8500-1024x1536.jpg 1024w, https:\/\/www.poulettemagique.com\/portfolio\/wp-content\/uploads\/2024\/01\/IMG_8500-1365x2048.jpg 1365w, https:\/\/www.poulettemagique.com\/portfolio\/wp-content\/uploads\/2024\/01\/IMG_8500-500x750.jpg 500w, https:\/\/www.poulettemagique.com\/portfolio\/wp-content\/uploads\/2024\/01\/IMG_8500-800x1200.jpg 800w, https:\/\/www.poulettemagique.com\/portfolio\/wp-content\/uploads\/2024\/01\/IMG_8500-1280x1920.jpg 1280w\" sizes=\"auto, (max-width: 1920px) 100vw, 1920px\" \/>\n\t\t<\/a>\t<\/div>\n<\/div>\n\n<figcaption class=\"vp-portfolio__item-overlay vp-portfolio__item-align-center\">\n\n\t<div class=\"vp-portfolio__item-meta-wrap vp-portfolio__custom-scrollbar\">\n\n\t\t\t<a\n\t\thref=\"https:\/\/www.poulettemagique.com\/portfolio\/portfolio\/pinterest-community-shooting\/\"\n\t\ttabindex=\"-1\" class=\"vp-portfolio__item-meta\" \t>\n\t\n\t\t\n<h2 class=\"vp-portfolio__item-meta-title\">\n    Pinterest community shooting<\/h2>\n<div class=\"vp-portfolio__item-meta-categories\">\n\t\t\t<div class=\"vp-portfolio__item-meta-category\">\n\t\t\t\t<span\t\t\t>\n\tPhotography<\/span>\t\t<\/div>\n\t\t<\/div>\n\n\t\t<\/a>\n\t<\/div>\n\n<\/figcaption>\t\t\t<\/figure>\n\t\t\t\t\t<\/div>\n\t\t\n\t\t<div\t\tclass=\"vp-portfolio__item-wrap vp-portfolio__item-uid-17b866f8\" data-vp-filter=\"\" \t\t>\n\t\t\t\t\t\t\t\t\t<figure class=\"vp-portfolio__item\">\n\t\t\t\t\n<div class=\"vp-portfolio__item-img-wrap\">\n\t<div class=\"vp-portfolio__item-img\">\n\t\t\t<a\n\t\thref=\"https:\/\/www.poulettemagique.com\/portfolio\/portfolio\/design-de-neon-la-maison-du-neon\/\"\n\t\t\t>\n\t\n\t\t<img loading=\"lazy\" decoding=\"async\" width=\"1910\" height=\"2560\" src=\"https:\/\/www.poulettemagique.com\/portfolio\/wp-content\/uploads\/2024\/01\/neon-1.jpg\" class=\"wp-image-7605\" alt=\"\" srcset=\"https:\/\/www.poulettemagique.com\/portfolio\/wp-content\/uploads\/2024\/01\/neon-1.jpg 1910w, https:\/\/www.poulettemagique.com\/portfolio\/wp-content\/uploads\/2024\/01\/neon-1-224x300.jpg 224w, https:\/\/www.poulettemagique.com\/portfolio\/wp-content\/uploads\/2024\/01\/neon-1-764x1024.jpg 764w, https:\/\/www.poulettemagique.com\/portfolio\/wp-content\/uploads\/2024\/01\/neon-1-768x1029.jpg 768w, https:\/\/www.poulettemagique.com\/portfolio\/wp-content\/uploads\/2024\/01\/neon-1-1146x1536.jpg 1146w, https:\/\/www.poulettemagique.com\/portfolio\/wp-content\/uploads\/2024\/01\/neon-1-1528x2048.jpg 1528w, https:\/\/www.poulettemagique.com\/portfolio\/wp-content\/uploads\/2024\/01\/neon-1-500x670.jpg 500w, https:\/\/www.poulettemagique.com\/portfolio\/wp-content\/uploads\/2024\/01\/neon-1-800x1072.jpg 800w, https:\/\/www.poulettemagique.com\/portfolio\/wp-content\/uploads\/2024\/01\/neon-1-1280x1716.jpg 1280w\" sizes=\"auto, (max-width: 1910px) 100vw, 1910px\" \/>\n\t\t<\/a>\t<\/div>\n<\/div>\n\n<figcaption class=\"vp-portfolio__item-overlay vp-portfolio__item-align-center\">\n\n\t<div class=\"vp-portfolio__item-meta-wrap vp-portfolio__custom-scrollbar\">\n\n\t\t\t<a\n\t\thref=\"https:\/\/www.poulettemagique.com\/portfolio\/portfolio\/design-de-neon-la-maison-du-neon\/\"\n\t\ttabindex=\"-1\" class=\"vp-portfolio__item-meta\" \t>\n\t\n\t\t\n<h2 class=\"vp-portfolio__item-meta-title\">\n    Design de N\u00e9on La Maison du N\u00e9on<\/h2>\n\t\t<\/a>\n\t<\/div>\n\n<\/figcaption>\t\t\t<\/figure>\n\t\t\t\t\t<\/div>\n\t\t\n\t\t<div\t\tclass=\"vp-portfolio__item-wrap vp-portfolio__item-uid-f9b607d4\" data-vp-filter=\"\" \t\t>\n\t\t\t\t\t\t\t\t\t<figure class=\"vp-portfolio__item\">\n\t\t\t\t\n<div class=\"vp-portfolio__item-img-wrap\">\n\t<div class=\"vp-portfolio__item-img\">\n\t\t\t<a\n\t\thref=\"https:\/\/www.poulettemagique.com\/portfolio\/portfolio\/photographe-livre-femmes-de-la-nuit\/\"\n\t\t\t>\n\t\n\t\t<img loading=\"lazy\" decoding=\"async\" width=\"1200\" height=\"1800\" src=\"https:\/\/www.poulettemagique.com\/portfolio\/wp-content\/uploads\/2024\/01\/livre-femme-de-la-nui.jpg\" class=\"wp-image-7461\" alt=\"\" srcset=\"https:\/\/www.poulettemagique.com\/portfolio\/wp-content\/uploads\/2024\/01\/livre-femme-de-la-nui.jpg 1200w, https:\/\/www.poulettemagique.com\/portfolio\/wp-content\/uploads\/2024\/01\/livre-femme-de-la-nui-200x300.jpg 200w, https:\/\/www.poulettemagique.com\/portfolio\/wp-content\/uploads\/2024\/01\/livre-femme-de-la-nui-683x1024.jpg 683w, https:\/\/www.poulettemagique.com\/portfolio\/wp-content\/uploads\/2024\/01\/livre-femme-de-la-nui-768x1152.jpg 768w, https:\/\/www.poulettemagique.com\/portfolio\/wp-content\/uploads\/2024\/01\/livre-femme-de-la-nui-1024x1536.jpg 1024w, https:\/\/www.poulettemagique.com\/portfolio\/wp-content\/uploads\/2024\/01\/livre-femme-de-la-nui-500x750.jpg 500w, https:\/\/www.poulettemagique.com\/portfolio\/wp-content\/uploads\/2024\/01\/livre-femme-de-la-nui-800x1200.jpg 800w\" sizes=\"auto, (max-width: 1200px) 100vw, 1200px\" \/>\n\t\t<\/a>\t<\/div>\n<\/div>\n\n<figcaption class=\"vp-portfolio__item-overlay vp-portfolio__item-align-center\">\n\n\t<div class=\"vp-portfolio__item-meta-wrap vp-portfolio__custom-scrollbar\">\n\n\t\t\t<a\n\t\thref=\"https:\/\/www.poulettemagique.com\/portfolio\/portfolio\/photographe-livre-femmes-de-la-nuit\/\"\n\t\ttabindex=\"-1\" class=\"vp-portfolio__item-meta\" \t>\n\t\n\t\t\n<h2 class=\"vp-portfolio__item-meta-title\">\n    Photographe livre \u00ab\u00a0Femmes de la Nuit\u00a0\u00bb<\/h2>\n\t\t<\/a>\n\t<\/div>\n\n<\/figcaption>\t\t\t<\/figure>\n\t\t\t\t\t<\/div>\n\t\t\n<\/div>\n\t\t<\/div>\n\t\t\n<\/div>\n[\/vc_column][vc_column]<div class=\"vlthemes_custom_6a0418f80961e   vlt-spacer\" style=\" --size-xlarge:120px;\"><\/div>[\/vc_column][\/vc_row][\/vc_section]<\/p>\n","protected":false},"excerpt":{"rendered":"<p>[vc_section][vc_row awb_type=\u00a0\u00bbimage\u00a0\u00bb awb_stretch=\u00a0\u00bb1&Prime; awb_image_size=\u00a0\u00bbleedo-1920x960_crop\u00a0\u00bb awb_image_background_position=\u00a0\u00bb50% 50%\u00a0\u00bb awb_parallax=\u00a0\u00bbscroll\u00a0\u00bb awb_parallax_speed=\u00a0\u00bb0.8&Prime; awb_image=\u00a0\u00bb1257&Prime;][vc_column][\/vc_column][vc_column][\/vc_column][vc_column][\/vc_column][\/vc_row][\/vc_section][vc_section][vc_row][vc_column][\/vc_column][vc_column][\/vc_column][vc_column][\/vc_column][\/vc_row][\/vc_section]<\/p>\n","protected":false},"author":1,"featured_media":2814,"parent":0,"menu_order":42,"comment_status":"closed","ping_status":"closed","template":"template-custom-page.php","meta":{"_monsterinsights_skip_tracking":false,"_monsterinsights_sitenote_active":false,"_monsterinsights_sitenote_note":"","_monsterinsights_sitenote_category":0,"_vp_format_video_url":"","_vp_image_focal_point":[],"footnotes":""},"class_list":["post-7412","page","type-page","status-publish","has-post-thumbnail","hentry"],"acf":[],"aioseo_notices":[],"_links":{"self":[{"href":"https:\/\/www.poulettemagique.com\/portfolio\/wp-json\/wp\/v2\/pages\/7412","targetHints":{"allow":["GET"]}}],"collection":[{"href":"https:\/\/www.poulettemagique.com\/portfolio\/wp-json\/wp\/v2\/pages"}],"about":[{"href":"https:\/\/www.poulettemagique.com\/portfolio\/wp-json\/wp\/v2\/types\/page"}],"author":[{"embeddable":true,"href":"https:\/\/www.poulettemagique.com\/portfolio\/wp-json\/wp\/v2\/users\/1"}],"replies":[{"embeddable":true,"href":"https:\/\/www.poulettemagique.com\/portfolio\/wp-json\/wp\/v2\/comments?post=7412"}],"version-history":[{"count":0,"href":"https:\/\/www.poulettemagique.com\/portfolio\/wp-json\/wp\/v2\/pages\/7412\/revisions"}],"wp:featuredmedia":[{"embeddable":true,"href":"https:\/\/www.poulettemagique.com\/portfolio\/wp-json\/wp\/v2\/media\/2814"}],"wp:attachment":[{"href":"https:\/\/www.poulettemagique.com\/portfolio\/wp-json\/wp\/v2\/media?parent=7412"}],"curies":[{"name":"wp","href":"https:\/\/api.w.org\/{rel}","templated":true}]}}